{"id":216,"date":"2025-04-22T00:00:45","date_gmt":"2025-04-21T22:00:45","guid":{"rendered":"http:\/\/wp.martinesgard.com\/wordpress\/leistungen\/"},"modified":"2025-04-22T16:54:05","modified_gmt":"2025-04-22T14:54:05","slug":"tjaenster","status":"publish","type":"page","link":"https:\/\/martinesgard.com\/sv\/tjaenster\/","title":{"rendered":"Tj\u00e4nster"},"content":{"rendered":"<p>[vc_row row_type=&#8221;row&#8221; use_row_as_full_screen_section=&#8221;no&#8221; type=&#8221;full_width&#8221; text_align=&#8221;left&#8221; background_animation=&#8221;none&#8221; css_animation=&#8221;&#8221;][vc_column width=&#8221;1\/2&#8243;][vc_column_text]Med st\u00f6rsta noggrannhet och en exakt och smidig stil \u00f6vers\u00e4tter jag dina texter fr\u00e5n svenska, tyska och engelska till franska. Naturligtvis genomf\u00f6r jag alla de n\u00f6dv\u00e4ndiga efterforskningar och verifikationer som kr\u00e4vs f\u00f6r att n\u00e5 ett full\u00f6digt resultat. Vi h\u00e5ller kontakten under detta arbete f\u00f6r att diskutera textens specifika egenskaper och eventuella sv\u00e5righeter. Jag erbjuder \u00e4ven redigering, korrekturl\u00e4sning och recension av artiklar eller b\u00f6cker. Ut\u00f6ver mitt special omr\u00e5de och favoritf\u00e4lt \u2013 stadsplanering, arkitektur, landskap \u2013 omfattar mitt verksamhetsomr\u00e5de fr\u00e4mst geografi, konst, musik och litteratur.[\/vc_column_text][\/vc_column][vc_column width=&#8221;1\/2&#8243;][vc_column_text]Mina studier och yrkeserfarenheter har berikat min uppfattning av \u00f6vers\u00e4ttningskonsten, som jag har fortsatt att utveckla under \u00e5ren. Genom att \u00f6vers\u00e4tta ett brett spektrum av verk har jag full\u00e4ndat mina terminologiska kunskaper, samtidigt som jag har fortsatt att f\u00f6rfina en medf\u00f6dd k\u00e4nsla f\u00f6r r\u00e4tt ord och r\u00e4tt balans i meningen.<\/p>\n<p>Att h\u00e5lla kontakt och \u00f6ppet utbyte med kunden, s\u00e4kerst\u00e4lla sekretess, samt respektera format och deadlines \u00e4r sj\u00e4lvklara och orubbliga principer.[\/vc_column_text][\/vc_column][\/vc_row][vc_row row_type=&#8221;row&#8221; use_row_as_full_screen_section=&#8221;no&#8221; type=&#8221;full_width&#8221; text_align=&#8221;left&#8221; background_animation=&#8221;none&#8221; css_animation=&#8221;&#8221;][vc_column][vc_empty_space height=&#8221;60&#8243;][\/vc_column][\/vc_row][vc_row row_type=&#8221;row&#8221; use_row_as_full_screen_section=&#8221;no&#8221; type=&#8221;full_width&#8221; text_align=&#8221;left&#8221; background_animation=&#8221;none&#8221; css_animation=&#8221;&#8221;][vc_column][vc_single_image image=&#8221;76&#8243; img_size=&#8221;full&#8221; alignment=&#8221;center&#8221; qode_css_animation=&#8221;&#8221;][\/vc_column][\/vc_row]<\/p>\n","protected":false},"excerpt":{"rendered":"<p>[vc_row row_type=&#8221;row&#8221; use_row_as_full_screen_section=&#8221;no&#8221; type=&#8221;full_width&#8221; text_align=&#8221;left&#8221; background_animation=&#8221;none&#8221; css_animation=&#8221;&#8221;][vc_column width=&#8221;1\/2&#8243;][vc_column_text]Med st\u00f6rsta noggrannhet och en exakt och smidig stil \u00f6vers\u00e4tter jag dina texter fr\u00e5n svenska, tyska och engelska till franska. Naturligtvis genomf\u00f6r jag alla de n\u00f6dv\u00e4ndiga efterforskningar och verifikationer som kr\u00e4vs f\u00f6r att n\u00e5 ett full\u00f6digt resultat. Vi&#8230;<\/p>\n","protected":false},"author":1,"featured_media":0,"parent":0,"menu_order":10,"comment_status":"closed","ping_status":"closed","template":"","meta":{"footnotes":""},"class_list":["post-216","page","type-page","status-publish","hentry"],"yoast_head":"<!-- This site is optimized with the Yoast SEO plugin v27.4 - https:\/\/yoast.com\/product\/yoast-seo-wordpress\/ -->\n<title>Tj\u00e4nster - Martine Sgard<\/title>\n<meta name=\"description\" content=\"Med st\u00f6rsta noggrannhet och en exakt och smidig stil \u00f6vers\u00e4tter jag dina texter fr\u00e5n svenska, tyska och engelska till franska.\" \/>\n<meta name=\"robots\" content=\"index, follow, max-snippet:-1, max-image-preview:large, max-video-preview:-1\" \/>\n<link rel=\"canonical\" href=\"https:\/\/martinesgard.com\/sv\/tjaenster\/\" \/>\n<meta property=\"og:locale\" content=\"sv_SE\" \/>\n<meta property=\"og:type\" content=\"article\" \/>\n<meta property=\"og:title\" content=\"Tj\u00e4nster - Martine Sgard\" \/>\n<meta property=\"og:description\" content=\"Med st\u00f6rsta noggrannhet och en exakt och smidig stil \u00f6vers\u00e4tter jag dina texter fr\u00e5n svenska, tyska och engelska till franska.\" \/>\n<meta property=\"og:url\" content=\"https:\/\/martinesgard.com\/sv\/tjaenster\/\" \/>\n<meta property=\"og:site_name\" content=\"Martine Sgard\" \/>\n<meta property=\"article:modified_time\" content=\"2025-04-22T14:54:05+00:00\" \/>\n<meta name=\"twitter:card\" content=\"summary_large_image\" \/>\n<meta name=\"twitter:label1\" content=\"Ber\u00e4knad l\u00e4stid\" \/>\n\t<meta name=\"twitter:data1\" content=\"1 minut\" \/>\n<script type=\"application\/ld+json\" class=\"yoast-schema-graph\">{\"@context\":\"https:\\\/\\\/schema.org\",\"@graph\":[{\"@type\":\"WebPage\",\"@id\":\"https:\\\/\\\/martinesgard.com\\\/sv\\\/tjaenster\\\/\",\"url\":\"https:\\\/\\\/martinesgard.com\\\/sv\\\/tjaenster\\\/\",\"name\":\"Tj\u00e4nster - Martine Sgard\",\"isPartOf\":{\"@id\":\"https:\\\/\\\/martinesgard.com\\\/#website\"},\"datePublished\":\"2025-04-21T22:00:45+00:00\",\"dateModified\":\"2025-04-22T14:54:05+00:00\",\"description\":\"Med st\u00f6rsta noggrannhet och en exakt och smidig stil \u00f6vers\u00e4tter jag dina texter fr\u00e5n svenska, tyska och engelska till franska.\",\"breadcrumb\":{\"@id\":\"https:\\\/\\\/martinesgard.com\\\/sv\\\/tjaenster\\\/#breadcrumb\"},\"inLanguage\":\"sv-SE\",\"potentialAction\":[{\"@type\":\"ReadAction\",\"target\":[\"https:\\\/\\\/martinesgard.com\\\/sv\\\/tjaenster\\\/\"]}]},{\"@type\":\"BreadcrumbList\",\"@id\":\"https:\\\/\\\/martinesgard.com\\\/sv\\\/tjaenster\\\/#breadcrumb\",\"itemListElement\":[{\"@type\":\"ListItem\",\"position\":1,\"name\":\"Startseite\",\"item\":\"https:\\\/\\\/martinesgard.com\\\/sv\\\/\"},{\"@type\":\"ListItem\",\"position\":2,\"name\":\"Tj\u00e4nster\"}]},{\"@type\":\"WebSite\",\"@id\":\"https:\\\/\\\/martinesgard.com\\\/#website\",\"url\":\"https:\\\/\\\/martinesgard.com\\\/\",\"name\":\"Martine Sgard\",\"description\":\"Traduction, \u00dcbersetzung, translation, \u00f6vers\u00e4ttning\",\"potentialAction\":[{\"@type\":\"SearchAction\",\"target\":{\"@type\":\"EntryPoint\",\"urlTemplate\":\"https:\\\/\\\/martinesgard.com\\\/?s={search_term_string}\"},\"query-input\":{\"@type\":\"PropertyValueSpecification\",\"valueRequired\":true,\"valueName\":\"search_term_string\"}}],\"inLanguage\":\"sv-SE\"}]}<\/script>\n<!-- \/ Yoast SEO plugin. -->","yoast_head_json":{"title":"Tj\u00e4nster - Martine Sgard","description":"Med st\u00f6rsta noggrannhet och en exakt och smidig stil \u00f6vers\u00e4tter jag dina texter fr\u00e5n svenska, tyska och engelska till franska.","robots":{"index":"index","follow":"follow","max-snippet":"max-snippet:-1","max-image-preview":"max-image-preview:large","max-video-preview":"max-video-preview:-1"},"canonical":"https:\/\/martinesgard.com\/sv\/tjaenster\/","og_locale":"sv_SE","og_type":"article","og_title":"Tj\u00e4nster - Martine Sgard","og_description":"Med st\u00f6rsta noggrannhet och en exakt och smidig stil \u00f6vers\u00e4tter jag dina texter fr\u00e5n svenska, tyska och engelska till franska.","og_url":"https:\/\/martinesgard.com\/sv\/tjaenster\/","og_site_name":"Martine Sgard","article_modified_time":"2025-04-22T14:54:05+00:00","twitter_card":"summary_large_image","twitter_misc":{"Ber\u00e4knad l\u00e4stid":"1 minut"},"schema":{"@context":"https:\/\/schema.org","@graph":[{"@type":"WebPage","@id":"https:\/\/martinesgard.com\/sv\/tjaenster\/","url":"https:\/\/martinesgard.com\/sv\/tjaenster\/","name":"Tj\u00e4nster - Martine Sgard","isPartOf":{"@id":"https:\/\/martinesgard.com\/#website"},"datePublished":"2025-04-21T22:00:45+00:00","dateModified":"2025-04-22T14:54:05+00:00","description":"Med st\u00f6rsta noggrannhet och en exakt och smidig stil \u00f6vers\u00e4tter jag dina texter fr\u00e5n svenska, tyska och engelska till franska.","breadcrumb":{"@id":"https:\/\/martinesgard.com\/sv\/tjaenster\/#breadcrumb"},"inLanguage":"sv-SE","potentialAction":[{"@type":"ReadAction","target":["https:\/\/martinesgard.com\/sv\/tjaenster\/"]}]},{"@type":"BreadcrumbList","@id":"https:\/\/martinesgard.com\/sv\/tjaenster\/#breadcrumb","itemListElement":[{"@type":"ListItem","position":1,"name":"Startseite","item":"https:\/\/martinesgard.com\/sv\/"},{"@type":"ListItem","position":2,"name":"Tj\u00e4nster"}]},{"@type":"WebSite","@id":"https:\/\/martinesgard.com\/#website","url":"https:\/\/martinesgard.com\/","name":"Martine Sgard","description":"Traduction, \u00dcbersetzung, translation, \u00f6vers\u00e4ttning","potentialAction":[{"@type":"SearchAction","target":{"@type":"EntryPoint","urlTemplate":"https:\/\/martinesgard.com\/?s={search_term_string}"},"query-input":{"@type":"PropertyValueSpecification","valueRequired":true,"valueName":"search_term_string"}}],"inLanguage":"sv-SE"}]}},"_links":{"self":[{"href":"https:\/\/martinesgard.com\/sv\/wp-json\/wp\/v2\/pages\/216","targetHints":{"allow":["GET"]}}],"collection":[{"href":"https:\/\/martinesgard.com\/sv\/wp-json\/wp\/v2\/pages"}],"about":[{"href":"https:\/\/martinesgard.com\/sv\/wp-json\/wp\/v2\/types\/page"}],"author":[{"embeddable":true,"href":"https:\/\/martinesgard.com\/sv\/wp-json\/wp\/v2\/users\/1"}],"replies":[{"embeddable":true,"href":"https:\/\/martinesgard.com\/sv\/wp-json\/wp\/v2\/comments?post=216"}],"version-history":[{"count":4,"href":"https:\/\/martinesgard.com\/sv\/wp-json\/wp\/v2\/pages\/216\/revisions"}],"predecessor-version":[{"id":591,"href":"https:\/\/martinesgard.com\/sv\/wp-json\/wp\/v2\/pages\/216\/revisions\/591"}],"wp:attachment":[{"href":"https:\/\/martinesgard.com\/sv\/wp-json\/wp\/v2\/media?parent=216"}],"curies":[{"name":"wp","href":"https:\/\/api.w.org\/{rel}","templated":true}]}}