{"id":136,"date":"2025-04-22T00:00:05","date_gmt":"2025-04-21T22:00:05","guid":{"rendered":"http:\/\/wp.martinesgard.com\/wordpress\/kontakt\/"},"modified":"2025-04-25T15:41:33","modified_gmt":"2025-04-25T13:41:33","slug":"contact","status":"publish","type":"page","link":"https:\/\/martinesgard.com\/fr\/contact\/","title":{"rendered":"Contact"},"content":{"rendered":"<p>[vc_row row_type=\u00a0\u00bbrow\u00a0\u00bb use_row_as_full_screen_section=\u00a0\u00bbno\u00a0\u00bb type=\u00a0\u00bbfull_width\u00a0\u00bb text_align=\u00a0\u00bbleft\u00a0\u00bb background_animation=\u00a0\u00bbnone\u00a0\u00bb css_animation=\u00a0\u00bb\u00a0\u00bb][vc_column][vc_column_text]<\/p>\n<h3 style=\"text-align: center;\">Vous avez une question ou souhaitez un devis\u00a0?<br \/>\nContactez-moi, je me ferai un plaisir de r\u00e9pondre \u00e0 votre demande !<\/h3>\n<p style=\"text-align: center;\"><a href=\"mailto:mail@martinesgard.com\">mail@martinesgard.com<\/a><br \/>\nT. : +49 (0)1636585816<\/p>\n<p style=\"text-align: center;\">N\u00b0 de TVA intracommunautaire : DE275333931<\/p>\n<p style=\"text-align: center;\">Site : Bocqbox avec WordPress<br \/>\nPhoto : Laurent Cantagrel<\/p>\n<p>[\/vc_column_text][\/vc_column][\/vc_row][vc_row row_type=\u00a0\u00bbrow\u00a0\u00bb use_row_as_full_screen_section=\u00a0\u00bbno\u00a0\u00bb type=\u00a0\u00bbfull_width\u00a0\u00bb text_align=\u00a0\u00bbleft\u00a0\u00bb background_animation=\u00a0\u00bbnone\u00a0\u00bb css_animation=\u00a0\u00bb\u00a0\u00bb css=\u00a0\u00bb.vc_custom_1594653641898{padding-top: 15px !important;}\u00a0\u00bb][vc_column][vc_single_image image=\u00a0\u00bb250&Prime; img_size=\u00a0\u00bbfull\u00a0\u00bb alignment=\u00a0\u00bbcenter\u00a0\u00bb qode_css_animation=\u00a0\u00bb\u00a0\u00bb][\/vc_column][\/vc_row]<\/p>\n","protected":false},"excerpt":{"rendered":"<p>[vc_row row_type=\u00a0\u00bbrow\u00a0\u00bb use_row_as_full_screen_section=\u00a0\u00bbno\u00a0\u00bb type=\u00a0\u00bbfull_width\u00a0\u00bb text_align=\u00a0\u00bbleft\u00a0\u00bb background_animation=\u00a0\u00bbnone\u00a0\u00bb css_animation=\u00a0\u00bb\u00a0\u00bb][vc_column][vc_column_text] Vous avez une question ou souhaitez un devis\u00a0? Contactez-moi, je me ferai un plaisir de r\u00e9pondre \u00e0 votre demande ! mail@martinesgard.com T. : +49 (0)1636585816 N\u00b0 de TVA intracommunautaire : DE275333931 Site : Bocqbox avec WordPress Photo :&#8230;<\/p>\n","protected":false},"author":1,"featured_media":0,"parent":0,"menu_order":30,"comment_status":"closed","ping_status":"closed","template":"","meta":{"footnotes":""},"class_list":["post-136","page","type-page","status-publish","hentry"],"yoast_head":"<!-- This site is optimized with the Yoast SEO plugin v27.4 - https:\/\/yoast.com\/product\/yoast-seo-wordpress\/ -->\n<title>Contact - Martine Sgard<\/title>\n<meta name=\"description\" content=\"Martine Sgard Traduction vers le fran\u00e7ais - Coordonn\u00e9es (e-mail et t\u00e9l\u00e9phone), questions et demandes de devis\" \/>\n<meta name=\"robots\" content=\"index, follow, max-snippet:-1, max-image-preview:large, max-video-preview:-1\" \/>\n<link rel=\"canonical\" href=\"https:\/\/martinesgard.com\/fr\/contact\/\" \/>\n<meta property=\"og:locale\" content=\"fr_FR\" \/>\n<meta property=\"og:type\" content=\"article\" \/>\n<meta property=\"og:title\" content=\"Contact - Martine Sgard\" \/>\n<meta property=\"og:description\" content=\"Martine Sgard Traduction vers le fran\u00e7ais - Coordonn\u00e9es (e-mail et t\u00e9l\u00e9phone), questions et demandes de devis\" \/>\n<meta property=\"og:url\" content=\"https:\/\/martinesgard.com\/fr\/contact\/\" \/>\n<meta property=\"og:site_name\" content=\"Martine Sgard\" \/>\n<meta property=\"article:modified_time\" content=\"2025-04-25T13:41:33+00:00\" \/>\n<meta name=\"twitter:card\" content=\"summary_large_image\" \/>\n<meta name=\"twitter:label1\" content=\"Dur\u00e9e de lecture estim\u00e9e\" \/>\n\t<meta name=\"twitter:data1\" content=\"1 minute\" \/>\n<script type=\"application\/ld+json\" class=\"yoast-schema-graph\">{\"@context\":\"https:\\\/\\\/schema.org\",\"@graph\":[{\"@type\":\"WebPage\",\"@id\":\"https:\\\/\\\/martinesgard.com\\\/fr\\\/contact\\\/\",\"url\":\"https:\\\/\\\/martinesgard.com\\\/fr\\\/contact\\\/\",\"name\":\"Contact - Martine Sgard\",\"isPartOf\":{\"@id\":\"https:\\\/\\\/martinesgard.com\\\/#website\"},\"datePublished\":\"2025-04-21T22:00:05+00:00\",\"dateModified\":\"2025-04-25T13:41:33+00:00\",\"description\":\"Martine Sgard Traduction vers le fran\u00e7ais - Coordonn\u00e9es (e-mail et t\u00e9l\u00e9phone), questions et demandes de devis\",\"breadcrumb\":{\"@id\":\"https:\\\/\\\/martinesgard.com\\\/fr\\\/contact\\\/#breadcrumb\"},\"inLanguage\":\"fr-FR\",\"potentialAction\":[{\"@type\":\"ReadAction\",\"target\":[\"https:\\\/\\\/martinesgard.com\\\/fr\\\/contact\\\/\"]}]},{\"@type\":\"BreadcrumbList\",\"@id\":\"https:\\\/\\\/martinesgard.com\\\/fr\\\/contact\\\/#breadcrumb\",\"itemListElement\":[{\"@type\":\"ListItem\",\"position\":1,\"name\":\"Startseite\",\"item\":\"https:\\\/\\\/martinesgard.com\\\/fr\\\/\"},{\"@type\":\"ListItem\",\"position\":2,\"name\":\"Contact\"}]},{\"@type\":\"WebSite\",\"@id\":\"https:\\\/\\\/martinesgard.com\\\/#website\",\"url\":\"https:\\\/\\\/martinesgard.com\\\/\",\"name\":\"Martine Sgard\",\"description\":\"Traduction, \u00dcbersetzung, translation, \u00f6vers\u00e4ttning\",\"potentialAction\":[{\"@type\":\"SearchAction\",\"target\":{\"@type\":\"EntryPoint\",\"urlTemplate\":\"https:\\\/\\\/martinesgard.com\\\/?s={search_term_string}\"},\"query-input\":{\"@type\":\"PropertyValueSpecification\",\"valueRequired\":true,\"valueName\":\"search_term_string\"}}],\"inLanguage\":\"fr-FR\"}]}<\/script>\n<!-- \/ Yoast SEO plugin. -->","yoast_head_json":{"title":"Contact - Martine Sgard","description":"Martine Sgard Traduction vers le fran\u00e7ais - Coordonn\u00e9es (e-mail et t\u00e9l\u00e9phone), questions et demandes de devis","robots":{"index":"index","follow":"follow","max-snippet":"max-snippet:-1","max-image-preview":"max-image-preview:large","max-video-preview":"max-video-preview:-1"},"canonical":"https:\/\/martinesgard.com\/fr\/contact\/","og_locale":"fr_FR","og_type":"article","og_title":"Contact - Martine Sgard","og_description":"Martine Sgard Traduction vers le fran\u00e7ais - Coordonn\u00e9es (e-mail et t\u00e9l\u00e9phone), questions et demandes de devis","og_url":"https:\/\/martinesgard.com\/fr\/contact\/","og_site_name":"Martine Sgard","article_modified_time":"2025-04-25T13:41:33+00:00","twitter_card":"summary_large_image","twitter_misc":{"Dur\u00e9e de lecture estim\u00e9e":"1 minute"},"schema":{"@context":"https:\/\/schema.org","@graph":[{"@type":"WebPage","@id":"https:\/\/martinesgard.com\/fr\/contact\/","url":"https:\/\/martinesgard.com\/fr\/contact\/","name":"Contact - Martine Sgard","isPartOf":{"@id":"https:\/\/martinesgard.com\/#website"},"datePublished":"2025-04-21T22:00:05+00:00","dateModified":"2025-04-25T13:41:33+00:00","description":"Martine Sgard Traduction vers le fran\u00e7ais - Coordonn\u00e9es (e-mail et t\u00e9l\u00e9phone), questions et demandes de devis","breadcrumb":{"@id":"https:\/\/martinesgard.com\/fr\/contact\/#breadcrumb"},"inLanguage":"fr-FR","potentialAction":[{"@type":"ReadAction","target":["https:\/\/martinesgard.com\/fr\/contact\/"]}]},{"@type":"BreadcrumbList","@id":"https:\/\/martinesgard.com\/fr\/contact\/#breadcrumb","itemListElement":[{"@type":"ListItem","position":1,"name":"Startseite","item":"https:\/\/martinesgard.com\/fr\/"},{"@type":"ListItem","position":2,"name":"Contact"}]},{"@type":"WebSite","@id":"https:\/\/martinesgard.com\/#website","url":"https:\/\/martinesgard.com\/","name":"Martine Sgard","description":"Traduction, \u00dcbersetzung, translation, \u00f6vers\u00e4ttning","potentialAction":[{"@type":"SearchAction","target":{"@type":"EntryPoint","urlTemplate":"https:\/\/martinesgard.com\/?s={search_term_string}"},"query-input":{"@type":"PropertyValueSpecification","valueRequired":true,"valueName":"search_term_string"}}],"inLanguage":"fr-FR"}]}},"_links":{"self":[{"href":"https:\/\/martinesgard.com\/fr\/wp-json\/wp\/v2\/pages\/136","targetHints":{"allow":["GET"]}}],"collection":[{"href":"https:\/\/martinesgard.com\/fr\/wp-json\/wp\/v2\/pages"}],"about":[{"href":"https:\/\/martinesgard.com\/fr\/wp-json\/wp\/v2\/types\/page"}],"author":[{"embeddable":true,"href":"https:\/\/martinesgard.com\/fr\/wp-json\/wp\/v2\/users\/1"}],"replies":[{"embeddable":true,"href":"https:\/\/martinesgard.com\/fr\/wp-json\/wp\/v2\/comments?post=136"}],"version-history":[{"count":7,"href":"https:\/\/martinesgard.com\/fr\/wp-json\/wp\/v2\/pages\/136\/revisions"}],"predecessor-version":[{"id":613,"href":"https:\/\/martinesgard.com\/fr\/wp-json\/wp\/v2\/pages\/136\/revisions\/613"}],"wp:attachment":[{"href":"https:\/\/martinesgard.com\/fr\/wp-json\/wp\/v2\/media?parent=136"}],"curies":[{"name":"wp","href":"https:\/\/api.w.org\/{rel}","templated":true}]}}