{"id":132,"date":"2025-04-22T00:00:45","date_gmt":"2025-04-21T22:00:45","guid":{"rendered":"http:\/\/wp.martinesgard.com\/wordpress\/leistungen\/"},"modified":"2025-04-25T16:11:30","modified_gmt":"2025-04-25T14:11:30","slug":"prestations","status":"publish","type":"page","link":"https:\/\/martinesgard.com\/fr\/prestations\/","title":{"rendered":"Prestations"},"content":{"rendered":"<p>[vc_row row_type=\u00a0\u00bbrow\u00a0\u00bb use_row_as_full_screen_section=\u00a0\u00bbno\u00a0\u00bb type=\u00a0\u00bbfull_width\u00a0\u00bb text_align=\u00a0\u00bbleft\u00a0\u00bb background_animation=\u00a0\u00bbnone\u00a0\u00bb css_animation=\u00a0\u00bb\u00a0\u00bb][vc_column width=\u00a0\u00bb1\/2&Prime;][vc_column_text]Je traduis vos textes r\u00e9dig\u00e9s en allemand, anglais ou su\u00e9dois vers le fran\u00e7ais, avec rigueur et habilet\u00e9, dans un style pr\u00e9cis et fluide. J&rsquo;effectue bien s\u00fbr toutes les recherches et v\u00e9rifications n\u00e9cessaires pour ce faire. Nous restons en contact pendant ce travail, afin de discuter des particularit\u00e9s et d\u2018\u00e9ventuelles difficult\u00e9s du texte.<br \/>\nJe propose \u00e9galement un travail de relecture-correction et de r\u00e9vision ainsi que de recension d\u2018articles ou d\u2019ouvrage. Outre mon domaine de sp\u00e9cialisation et de pr\u00e9dilection, l\u2018urbanisme \u2013 architecture \u2013 paysage, mon champ d\u2019action comprend principalement la g\u00e9ographie, les beaux-arts, la musique et la litt\u00e9rature.[\/vc_column_text][\/vc_column][vc_column width=\u00a0\u00bb1\/2&Prime;][vc_column_text]Mes \u00e9tudes et exp\u00e9riences professionnelles ont enrichi mon approche de l&rsquo;art de la traduction, que j&rsquo;ai continu\u00e9 \u00e0 parfaire au fil des ans. En travaillant \u00e0 un large \u00e9ventail de textes et d&rsquo;ouvrages, je n&rsquo;ai cess\u00e9 de perfectionner ma connaissance des terminologies sp\u00e9cifiques, tout en continuant \u00e0 affiner mon sens naturel du mot juste et du bon \u00e9quilibre de la phrase.<br \/>\nMaintenir le contact et un \u00e9change ouvert avec le client, garantir ma confidentialit\u00e9 ainsi que le respect des formats et des d\u00e9lais sont pour moi des principes \u00e9vidents et in\u00e9branlables.[\/vc_column_text][\/vc_column][\/vc_row][vc_row row_type=\u00a0\u00bbrow\u00a0\u00bb use_row_as_full_screen_section=\u00a0\u00bbno\u00a0\u00bb type=\u00a0\u00bbfull_width\u00a0\u00bb text_align=\u00a0\u00bbleft\u00a0\u00bb background_animation=\u00a0\u00bbnone\u00a0\u00bb css_animation=\u00a0\u00bb\u00a0\u00bb][vc_column][vc_empty_space height=\u00a0\u00bb60&Prime;][\/vc_column][\/vc_row][vc_row row_type=\u00a0\u00bbrow\u00a0\u00bb use_row_as_full_screen_section=\u00a0\u00bbno\u00a0\u00bb type=\u00a0\u00bbfull_width\u00a0\u00bb text_align=\u00a0\u00bbleft\u00a0\u00bb background_animation=\u00a0\u00bbnone\u00a0\u00bb css_animation=\u00a0\u00bb\u00a0\u00bb][vc_column][vc_single_image image=\u00a0\u00bb76&Prime; img_size=\u00a0\u00bbfull\u00a0\u00bb alignment=\u00a0\u00bbcenter\u00a0\u00bb qode_css_animation=\u00a0\u00bb\u00a0\u00bb][\/vc_column][\/vc_row]<\/p>\n","protected":false},"excerpt":{"rendered":"<p>[vc_row row_type=\u00a0\u00bbrow\u00a0\u00bb use_row_as_full_screen_section=\u00a0\u00bbno\u00a0\u00bb type=\u00a0\u00bbfull_width\u00a0\u00bb text_align=\u00a0\u00bbleft\u00a0\u00bb background_animation=\u00a0\u00bbnone\u00a0\u00bb css_animation=\u00a0\u00bb\u00a0\u00bb][vc_column width=\u00a0\u00bb1\/2&Prime;][vc_column_text]Je traduis vos textes r\u00e9dig\u00e9s en allemand, anglais ou su\u00e9dois vers le fran\u00e7ais, avec rigueur et habilet\u00e9, dans un style pr\u00e9cis et fluide. J&rsquo;effectue bien s\u00fbr toutes les recherches et v\u00e9rifications n\u00e9cessaires pour ce faire. Nous restons en&#8230;<\/p>\n","protected":false},"author":1,"featured_media":0,"parent":0,"menu_order":10,"comment_status":"closed","ping_status":"closed","template":"","meta":{"footnotes":""},"class_list":["post-132","page","type-page","status-publish","hentry"],"yoast_head":"<!-- This site is optimized with the Yoast SEO plugin v27.4 - https:\/\/yoast.com\/product\/yoast-seo-wordpress\/ -->\n<title>Prestations - Martine Sgard<\/title>\n<meta name=\"description\" content=\"Traductions pr\u00e9cises et fouill\u00e9es vers les fran\u00e7ais \u2013 contact avec le ou la client\u00b7e \u2013 sens du mot juste et go\u00fbt de la terminologie ad\u00e9quate\" \/>\n<meta name=\"robots\" content=\"index, follow, max-snippet:-1, max-image-preview:large, max-video-preview:-1\" \/>\n<link rel=\"canonical\" href=\"https:\/\/martinesgard.com\/fr\/prestations\/\" \/>\n<meta property=\"og:locale\" content=\"fr_FR\" \/>\n<meta property=\"og:type\" content=\"article\" \/>\n<meta property=\"og:title\" content=\"Prestations - Martine Sgard\" \/>\n<meta property=\"og:description\" content=\"Traductions pr\u00e9cises et fouill\u00e9es vers les fran\u00e7ais \u2013 contact avec le ou la client\u00b7e \u2013 sens du mot juste et go\u00fbt de la terminologie ad\u00e9quate\" \/>\n<meta property=\"og:url\" content=\"https:\/\/martinesgard.com\/fr\/prestations\/\" \/>\n<meta property=\"og:site_name\" content=\"Martine Sgard\" \/>\n<meta property=\"article:modified_time\" content=\"2025-04-25T14:11:30+00:00\" \/>\n<meta name=\"twitter:card\" content=\"summary_large_image\" \/>\n<meta name=\"twitter:label1\" content=\"Dur\u00e9e de lecture estim\u00e9e\" \/>\n\t<meta name=\"twitter:data1\" content=\"2 minutes\" \/>\n<script type=\"application\/ld+json\" class=\"yoast-schema-graph\">{\"@context\":\"https:\\\/\\\/schema.org\",\"@graph\":[{\"@type\":\"WebPage\",\"@id\":\"https:\\\/\\\/martinesgard.com\\\/fr\\\/prestations\\\/\",\"url\":\"https:\\\/\\\/martinesgard.com\\\/fr\\\/prestations\\\/\",\"name\":\"Prestations - Martine Sgard\",\"isPartOf\":{\"@id\":\"https:\\\/\\\/martinesgard.com\\\/#website\"},\"datePublished\":\"2025-04-21T22:00:45+00:00\",\"dateModified\":\"2025-04-25T14:11:30+00:00\",\"description\":\"Traductions pr\u00e9cises et fouill\u00e9es vers les fran\u00e7ais \u2013 contact avec le ou la client\u00b7e \u2013 sens du mot juste et go\u00fbt de la terminologie ad\u00e9quate\",\"breadcrumb\":{\"@id\":\"https:\\\/\\\/martinesgard.com\\\/fr\\\/prestations\\\/#breadcrumb\"},\"inLanguage\":\"fr-FR\",\"potentialAction\":[{\"@type\":\"ReadAction\",\"target\":[\"https:\\\/\\\/martinesgard.com\\\/fr\\\/prestations\\\/\"]}]},{\"@type\":\"BreadcrumbList\",\"@id\":\"https:\\\/\\\/martinesgard.com\\\/fr\\\/prestations\\\/#breadcrumb\",\"itemListElement\":[{\"@type\":\"ListItem\",\"position\":1,\"name\":\"Startseite\",\"item\":\"https:\\\/\\\/martinesgard.com\\\/fr\\\/\"},{\"@type\":\"ListItem\",\"position\":2,\"name\":\"Prestations\"}]},{\"@type\":\"WebSite\",\"@id\":\"https:\\\/\\\/martinesgard.com\\\/#website\",\"url\":\"https:\\\/\\\/martinesgard.com\\\/\",\"name\":\"Martine Sgard\",\"description\":\"Traduction, \u00dcbersetzung, translation, \u00f6vers\u00e4ttning\",\"potentialAction\":[{\"@type\":\"SearchAction\",\"target\":{\"@type\":\"EntryPoint\",\"urlTemplate\":\"https:\\\/\\\/martinesgard.com\\\/?s={search_term_string}\"},\"query-input\":{\"@type\":\"PropertyValueSpecification\",\"valueRequired\":true,\"valueName\":\"search_term_string\"}}],\"inLanguage\":\"fr-FR\"}]}<\/script>\n<!-- \/ Yoast SEO plugin. -->","yoast_head_json":{"title":"Prestations - Martine Sgard","description":"Traductions pr\u00e9cises et fouill\u00e9es vers les fran\u00e7ais \u2013 contact avec le ou la client\u00b7e \u2013 sens du mot juste et go\u00fbt de la terminologie ad\u00e9quate","robots":{"index":"index","follow":"follow","max-snippet":"max-snippet:-1","max-image-preview":"max-image-preview:large","max-video-preview":"max-video-preview:-1"},"canonical":"https:\/\/martinesgard.com\/fr\/prestations\/","og_locale":"fr_FR","og_type":"article","og_title":"Prestations - Martine Sgard","og_description":"Traductions pr\u00e9cises et fouill\u00e9es vers les fran\u00e7ais \u2013 contact avec le ou la client\u00b7e \u2013 sens du mot juste et go\u00fbt de la terminologie ad\u00e9quate","og_url":"https:\/\/martinesgard.com\/fr\/prestations\/","og_site_name":"Martine Sgard","article_modified_time":"2025-04-25T14:11:30+00:00","twitter_card":"summary_large_image","twitter_misc":{"Dur\u00e9e de lecture estim\u00e9e":"2 minutes"},"schema":{"@context":"https:\/\/schema.org","@graph":[{"@type":"WebPage","@id":"https:\/\/martinesgard.com\/fr\/prestations\/","url":"https:\/\/martinesgard.com\/fr\/prestations\/","name":"Prestations - Martine Sgard","isPartOf":{"@id":"https:\/\/martinesgard.com\/#website"},"datePublished":"2025-04-21T22:00:45+00:00","dateModified":"2025-04-25T14:11:30+00:00","description":"Traductions pr\u00e9cises et fouill\u00e9es vers les fran\u00e7ais \u2013 contact avec le ou la client\u00b7e \u2013 sens du mot juste et go\u00fbt de la terminologie ad\u00e9quate","breadcrumb":{"@id":"https:\/\/martinesgard.com\/fr\/prestations\/#breadcrumb"},"inLanguage":"fr-FR","potentialAction":[{"@type":"ReadAction","target":["https:\/\/martinesgard.com\/fr\/prestations\/"]}]},{"@type":"BreadcrumbList","@id":"https:\/\/martinesgard.com\/fr\/prestations\/#breadcrumb","itemListElement":[{"@type":"ListItem","position":1,"name":"Startseite","item":"https:\/\/martinesgard.com\/fr\/"},{"@type":"ListItem","position":2,"name":"Prestations"}]},{"@type":"WebSite","@id":"https:\/\/martinesgard.com\/#website","url":"https:\/\/martinesgard.com\/","name":"Martine Sgard","description":"Traduction, \u00dcbersetzung, translation, \u00f6vers\u00e4ttning","potentialAction":[{"@type":"SearchAction","target":{"@type":"EntryPoint","urlTemplate":"https:\/\/martinesgard.com\/?s={search_term_string}"},"query-input":{"@type":"PropertyValueSpecification","valueRequired":true,"valueName":"search_term_string"}}],"inLanguage":"fr-FR"}]}},"_links":{"self":[{"href":"https:\/\/martinesgard.com\/fr\/wp-json\/wp\/v2\/pages\/132","targetHints":{"allow":["GET"]}}],"collection":[{"href":"https:\/\/martinesgard.com\/fr\/wp-json\/wp\/v2\/pages"}],"about":[{"href":"https:\/\/martinesgard.com\/fr\/wp-json\/wp\/v2\/types\/page"}],"author":[{"embeddable":true,"href":"https:\/\/martinesgard.com\/fr\/wp-json\/wp\/v2\/users\/1"}],"replies":[{"embeddable":true,"href":"https:\/\/martinesgard.com\/fr\/wp-json\/wp\/v2\/comments?post=132"}],"version-history":[{"count":14,"href":"https:\/\/martinesgard.com\/fr\/wp-json\/wp\/v2\/pages\/132\/revisions"}],"predecessor-version":[{"id":658,"href":"https:\/\/martinesgard.com\/fr\/wp-json\/wp\/v2\/pages\/132\/revisions\/658"}],"wp:attachment":[{"href":"https:\/\/martinesgard.com\/fr\/wp-json\/wp\/v2\/media?parent=132"}],"curies":[{"name":"wp","href":"https:\/\/api.w.org\/{rel}","templated":true}]}}