{"id":173,"date":"2025-04-22T00:00:38","date_gmt":"2025-04-21T22:00:38","guid":{"rendered":"http:\/\/wp.martinesgard.com\/wordpress\/beispiel-seite\/"},"modified":"2025-04-22T16:45:30","modified_gmt":"2025-04-22T14:45:30","slug":"martine-sgard-translation-home","status":"publish","type":"page","link":"https:\/\/martinesgard.com\/en\/","title":{"rendered":"Home"},"content":{"rendered":"<p>[vc_row row_type=&#8221;row&#8221; use_row_as_full_screen_section=&#8221;no&#8221; type=&#8221;full_width&#8221; text_align=&#8221;left&#8221; background_animation=&#8221;none&#8221; css_animation=&#8221;&#8221; el_class=&#8221;home-galerie&#8221;][vc_column][vc_gallery interval=&#8221;3&#8243; images=&#8221;27,28&#8243; img_size=&#8221;full&#8221; onclick=&#8221;&#8221; css_animation=&#8221;fadeIn&#8221;][\/vc_column][\/vc_row][vc_row row_type=&#8221;row&#8221; use_row_as_full_screen_section=&#8221;no&#8221; type=&#8221;full_width&#8221; text_align=&#8221;left&#8221; background_animation=&#8221;none&#8221; css_animation=&#8221;&#8221;][vc_column][vc_column_text css=&#8221;.vc_custom_1745333047973{padding-bottom: 30px !important;}&#8221;]<\/p>\n<h3 style=\"text-align: center;\">I translate your texts with rigor and skill, in a precise and fluid style \u2013 from German, English and Swedish into French.<\/h3>\n<p>[\/vc_column_text][\/vc_column][\/vc_row][vc_row row_type=&#8221;row&#8221; use_row_as_full_screen_section=&#8221;no&#8221; type=&#8221;full_width&#8221; text_align=&#8221;left&#8221; background_animation=&#8221;none&#8221; css_animation=&#8221;&#8221; css=&#8221;.vc_custom_1594200833241{padding-bottom: 30px !important;}&#8221;][vc_column][vc_single_image image=&#8221;60&#8243; img_size=&#8221;full&#8221; alignment=&#8221;center&#8221; qode_css_animation=&#8221;&#8221;][\/vc_column][\/vc_row][vc_row row_type=&#8221;row&#8221; use_row_as_full_screen_section=&#8221;no&#8221; type=&#8221;full_width&#8221; text_align=&#8221;left&#8221; background_animation=&#8221;none&#8221; css_animation=&#8221;&#8221; el_class=&#8221;justify&#8221;][vc_column width=&#8221;1\/2&#8243;][vc_column_text]Born in France with both Swedish and French nationality, I first studied literature, geography and German, before joining the ENSP (Highschool of Landscape-architecture in Versailles). Two scholarships led me to Harvard University and then to the TU Berlin. I graduated as a landscape architect both in ENSP and TU Berlin.<\/p>\n<p>After having worked in various landscape design agencies in Europe (in the areas of project-design and implementation, but also graphic design, writing and translation), I founded the landscape design studio guba+sgard together with T. Guba in Berlin in 2000.[\/vc_column_text][\/vc_column][vc_column width=&#8221;1\/2&#8243;][vc_column_text]There I developed a translation department specialized in architecture and environment.<\/p>\n<p>Since 2010-2011 I\u2019m a freelance translator.<\/p>\n<p>Thanks to the mastery of four languages \u2013 French, German, English and Swedish \u2013 a solid general culture and varied professional experiences, I am at ease in many fields relating to the land and its occupants, the arts and literature.[\/vc_column_text][\/vc_column][\/vc_row][vc_row row_type=&#8221;row&#8221; use_row_as_full_screen_section=&#8221;no&#8221; type=&#8221;full_width&#8221; text_align=&#8221;left&#8221; background_animation=&#8221;none&#8221; css_animation=&#8221;&#8221;][vc_column][vc_empty_space height=&#8221;60&#8243;][\/vc_column][\/vc_row]<\/p>\n","protected":false},"excerpt":{"rendered":"<p>[vc_row row_type=&#8221;row&#8221; use_row_as_full_screen_section=&#8221;no&#8221; type=&#8221;full_width&#8221; text_align=&#8221;left&#8221; background_animation=&#8221;none&#8221; css_animation=&#8221;&#8221; el_class=&#8221;home-galerie&#8221;][vc_column][vc_gallery interval=&#8221;3&#8243; images=&#8221;27,28&#8243; img_size=&#8221;full&#8221; onclick=&#8221;&#8221; css_animation=&#8221;fadeIn&#8221;][\/vc_column][\/vc_row][vc_row row_type=&#8221;row&#8221; use_row_as_full_screen_section=&#8221;no&#8221; type=&#8221;full_width&#8221; text_align=&#8221;left&#8221; background_animation=&#8221;none&#8221; css_animation=&#8221;&#8221;][vc_column][vc_column_text css=&#8221;.vc_custom_1745333047973{padding-bottom: 30px !important;}&#8221;] I translate your texts with rigor and skill, in a precise and fluid style \u2013 from German, English and Swedish into French. [\/vc_column_text][\/vc_column][\/vc_row][vc_row&#8230;<\/p>\n","protected":false},"author":1,"featured_media":0,"parent":0,"menu_order":0,"comment_status":"closed","ping_status":"open","template":"","meta":{"footnotes":""},"class_list":["post-173","page","type-page","status-publish","hentry"],"yoast_head":"<!-- This site is optimized with the Yoast SEO plugin v27.4 - https:\/\/yoast.com\/product\/yoast-seo-wordpress\/ -->\n<title>Home - Martine Sgard<\/title>\n<meta name=\"description\" content=\"I translate your texts with rigor and skill, in a precise and fluid style \u2013 from German, English and Swedish into French.\" \/>\n<meta name=\"robots\" content=\"index, follow, max-snippet:-1, max-image-preview:large, max-video-preview:-1\" \/>\n<link rel=\"canonical\" href=\"https:\/\/martinesgard.com\/en\/\" \/>\n<meta property=\"og:locale\" content=\"en_US\" \/>\n<meta property=\"og:type\" content=\"article\" \/>\n<meta property=\"og:title\" content=\"Home - Martine Sgard\" \/>\n<meta property=\"og:description\" content=\"I translate your texts with rigor and skill, in a precise and fluid style \u2013 from German, English and Swedish into French.\" \/>\n<meta property=\"og:url\" content=\"https:\/\/martinesgard.com\/en\/\" \/>\n<meta property=\"og:site_name\" content=\"Martine Sgard\" \/>\n<meta property=\"article:modified_time\" content=\"2025-04-22T14:45:30+00:00\" \/>\n<meta name=\"twitter:card\" content=\"summary_large_image\" \/>\n<meta name=\"twitter:label1\" content=\"Est. reading time\" \/>\n\t<meta name=\"twitter:data1\" content=\"2 minutes\" \/>\n<script type=\"application\/ld+json\" class=\"yoast-schema-graph\">{\"@context\":\"https:\\\/\\\/schema.org\",\"@graph\":[{\"@type\":\"WebPage\",\"@id\":\"https:\\\/\\\/martinesgard.com\\\/en\\\/\",\"url\":\"https:\\\/\\\/martinesgard.com\\\/en\\\/\",\"name\":\"Home - Martine Sgard\",\"isPartOf\":{\"@id\":\"https:\\\/\\\/martinesgard.com\\\/#website\"},\"datePublished\":\"2025-04-21T22:00:38+00:00\",\"dateModified\":\"2025-04-22T14:45:30+00:00\",\"description\":\"I translate your texts with rigor and skill, in a precise and fluid style \u2013 from German, English and Swedish into French.\",\"breadcrumb\":{\"@id\":\"https:\\\/\\\/martinesgard.com\\\/en\\\/#breadcrumb\"},\"inLanguage\":\"en-US\",\"potentialAction\":[{\"@type\":\"ReadAction\",\"target\":[\"https:\\\/\\\/martinesgard.com\\\/en\\\/\"]}]},{\"@type\":\"BreadcrumbList\",\"@id\":\"https:\\\/\\\/martinesgard.com\\\/en\\\/#breadcrumb\",\"itemListElement\":[{\"@type\":\"ListItem\",\"position\":1,\"name\":\"Startseite\",\"item\":\"https:\\\/\\\/martinesgard.com\\\/en\\\/\"},{\"@type\":\"ListItem\",\"position\":2,\"name\":\"Home\"}]},{\"@type\":\"WebSite\",\"@id\":\"https:\\\/\\\/martinesgard.com\\\/#website\",\"url\":\"https:\\\/\\\/martinesgard.com\\\/\",\"name\":\"Martine Sgard\",\"description\":\"Traduction, \u00dcbersetzung, translation, \u00f6vers\u00e4ttning\",\"potentialAction\":[{\"@type\":\"SearchAction\",\"target\":{\"@type\":\"EntryPoint\",\"urlTemplate\":\"https:\\\/\\\/martinesgard.com\\\/?s={search_term_string}\"},\"query-input\":{\"@type\":\"PropertyValueSpecification\",\"valueRequired\":true,\"valueName\":\"search_term_string\"}}],\"inLanguage\":\"en-US\"}]}<\/script>\n<!-- \/ Yoast SEO plugin. -->","yoast_head_json":{"title":"Home - Martine Sgard","description":"I translate your texts with rigor and skill, in a precise and fluid style \u2013 from German, English and Swedish into French.","robots":{"index":"index","follow":"follow","max-snippet":"max-snippet:-1","max-image-preview":"max-image-preview:large","max-video-preview":"max-video-preview:-1"},"canonical":"https:\/\/martinesgard.com\/en\/","og_locale":"en_US","og_type":"article","og_title":"Home - Martine Sgard","og_description":"I translate your texts with rigor and skill, in a precise and fluid style \u2013 from German, English and Swedish into French.","og_url":"https:\/\/martinesgard.com\/en\/","og_site_name":"Martine Sgard","article_modified_time":"2025-04-22T14:45:30+00:00","twitter_card":"summary_large_image","twitter_misc":{"Est. reading time":"2 minutes"},"schema":{"@context":"https:\/\/schema.org","@graph":[{"@type":"WebPage","@id":"https:\/\/martinesgard.com\/en\/","url":"https:\/\/martinesgard.com\/en\/","name":"Home - Martine Sgard","isPartOf":{"@id":"https:\/\/martinesgard.com\/#website"},"datePublished":"2025-04-21T22:00:38+00:00","dateModified":"2025-04-22T14:45:30+00:00","description":"I translate your texts with rigor and skill, in a precise and fluid style \u2013 from German, English and Swedish into French.","breadcrumb":{"@id":"https:\/\/martinesgard.com\/en\/#breadcrumb"},"inLanguage":"en-US","potentialAction":[{"@type":"ReadAction","target":["https:\/\/martinesgard.com\/en\/"]}]},{"@type":"BreadcrumbList","@id":"https:\/\/martinesgard.com\/en\/#breadcrumb","itemListElement":[{"@type":"ListItem","position":1,"name":"Startseite","item":"https:\/\/martinesgard.com\/en\/"},{"@type":"ListItem","position":2,"name":"Home"}]},{"@type":"WebSite","@id":"https:\/\/martinesgard.com\/#website","url":"https:\/\/martinesgard.com\/","name":"Martine Sgard","description":"Traduction, \u00dcbersetzung, translation, \u00f6vers\u00e4ttning","potentialAction":[{"@type":"SearchAction","target":{"@type":"EntryPoint","urlTemplate":"https:\/\/martinesgard.com\/?s={search_term_string}"},"query-input":{"@type":"PropertyValueSpecification","valueRequired":true,"valueName":"search_term_string"}}],"inLanguage":"en-US"}]}},"_links":{"self":[{"href":"https:\/\/martinesgard.com\/en\/wp-json\/wp\/v2\/pages\/173","targetHints":{"allow":["GET"]}}],"collection":[{"href":"https:\/\/martinesgard.com\/en\/wp-json\/wp\/v2\/pages"}],"about":[{"href":"https:\/\/martinesgard.com\/en\/wp-json\/wp\/v2\/types\/page"}],"author":[{"embeddable":true,"href":"https:\/\/martinesgard.com\/en\/wp-json\/wp\/v2\/users\/1"}],"replies":[{"embeddable":true,"href":"https:\/\/martinesgard.com\/en\/wp-json\/wp\/v2\/comments?post=173"}],"version-history":[{"count":8,"href":"https:\/\/martinesgard.com\/en\/wp-json\/wp\/v2\/pages\/173\/revisions"}],"predecessor-version":[{"id":642,"href":"https:\/\/martinesgard.com\/en\/wp-json\/wp\/v2\/pages\/173\/revisions\/642"}],"wp:attachment":[{"href":"https:\/\/martinesgard.com\/en\/wp-json\/wp\/v2\/media?parent=173"}],"curies":[{"name":"wp","href":"https:\/\/api.w.org\/{rel}","templated":true}]}}